{"id":9025,"date":"2025-04-22T19:23:47","date_gmt":"2025-04-22T19:23:47","guid":{"rendered":"https:\/\/kwiaciarniaklara.pl\/?post_type=product&#038;p=9025"},"modified":"2025-04-22T19:27:47","modified_gmt":"2025-04-22T19:27:47","slug":"bukiet-kondolencyjny-elegia-czerwieni","status":"publish","type":"product","link":"https:\/\/kwiaciarniaklara.pl\/index.php\/produkt\/bukiet-kondolencyjny-elegia-czerwieni\/","title":{"rendered":"Bukiet kondolencyjny &#8222;Elegia czerwieni&#8221;"},"content":{"rendered":"\n<section class=\"wp-block-group jcws-product-desc-section has-global-padding is-layout-constrained wp-block-group-is-layout-constrained\">\n<div class=\"wp-block-group jcws-product-desc-section-inner has-global-padding is-layout-constrained wp-container-core-group-is-layout-481dc8fc wp-block-group-is-layout-constrained\" style=\"margin-top:0;margin-bottom:0;padding-top:0;padding-right:0;padding-bottom:0;padding-left:0\">\n<div class=\"wp-block-columns is-layout-flex wp-container-core-columns-is-layout-2000334d wp-block-columns-is-layout-flex\" style=\"padding-top:0;padding-right:0;padding-bottom:0;padding-left:0\">\n<div class=\"wp-block-column is-layout-flow wp-block-column-is-layout-flow\" style=\"flex-basis:15%\"><\/div>\n\n\n\n<div class=\"wp-block-column is-layout-flow wp-block-column-is-layout-flow\" style=\"flex-basis:70%\">\n<h1 class=\"wp-block-heading has-text-align-center\" style=\"margin-top:0;margin-right:0;margin-left:0\">Bukiet kondolencyjny &#8222;Elegia czerwieni&#8221;<\/h1>\n\n\n\n<p style=\"margin-top:0;margin-right:0;margin-bottom:0;margin-left:0\">Wi\u0105zanka pogrzebowa z du\u017cych, czerwonych r\u00f3\u017c w pe\u0142nym rozkwicie. Kwiaty u\u0142o\u017cone zosta\u0142y warstwowo, tworz\u0105c wyra\u017any, elegancki kszta\u0142t ro\u017cka. Kompozycj\u0119 oprawiono w czarn\u0105 oraz szaro-fioletow\u0105 bibu\u0142\u0119, kt\u00f3re dodaj\u0105 jej g\u0142\u0119bi i powagi. Ca\u0142o\u015b\u0107 wyko\u0144czona zosta\u0142a czarn\u0105 kokard\u0105 u do\u0142u, nadaj\u0105c klasyczny i godny ton. <strong>Bukiet z 11 r\u00f3\u017c.<\/strong><\/p>\n<\/div>\n\n\n\n<div class=\"wp-block-column is-layout-flow wp-block-column-is-layout-flow\" style=\"flex-basis:15%\"><\/div>\n<\/div>\n<\/div>\n<\/section>\n","protected":false},"excerpt":{"rendered":"<p>Klasyczna pogrzebowa wi\u0105zanka z czerwonych r\u00f3\u017c, u\u0142o\u017cona w ro\u017cek z ciemnej bibu\u0142y i ozdobiona czarn\u0105 kokard\u0105.<\/p>\n","protected":false},"featured_media":9026,"template":"","meta":{"_kad_blocks_custom_css":"","_kad_blocks_head_custom_js":"","_kad_blocks_body_custom_js":"","_kad_blocks_footer_custom_js":""},"product_brand":[],"product_cat":[45],"product_tag":[85],"class_list":{"0":"post-9025","1":"product","2":"type-product","3":"status-publish","4":"has-post-thumbnail","6":"product_cat-mono-kwiatowe","7":"product_tag-pogrzeb","9":"first","10":"instock","11":"shipping-taxable","12":"purchasable","13":"product-type-simple"},"taxonomy_info":{"product_cat":[{"value":45,"label":"Mono bukiety"}],"product_tag":[{"value":85,"label":"Pogrzeb"}]},"featured_image_src_large":["https:\/\/kwiaciarniaklara.pl\/wp-content\/uploads\/2025\/04\/mono-bukiet-roze-2-wiosna_photo003-1024x1024.webp",1024,1024,true],"author_info":[],"comment_info":"","_links":{"self":[{"href":"https:\/\/kwiaciarniaklara.pl\/index.php\/wp-json\/wp\/v2\/product\/9025","targetHints":{"allow":["GET"]}}],"collection":[{"href":"https:\/\/kwiaciarniaklara.pl\/index.php\/wp-json\/wp\/v2\/product"}],"about":[{"href":"https:\/\/kwiaciarniaklara.pl\/index.php\/wp-json\/wp\/v2\/types\/product"}],"wp:featuredmedia":[{"embeddable":true,"href":"https:\/\/kwiaciarniaklara.pl\/index.php\/wp-json\/wp\/v2\/media\/9026"}],"wp:attachment":[{"href":"https:\/\/kwiaciarniaklara.pl\/index.php\/wp-json\/wp\/v2\/media?parent=9025"}],"wp:term":[{"taxonomy":"product_brand","embeddable":true,"href":"https:\/\/kwiaciarniaklara.pl\/index.php\/wp-json\/wp\/v2\/product_brand?post=9025"},{"taxonomy":"product_cat","embeddable":true,"href":"https:\/\/kwiaciarniaklara.pl\/index.php\/wp-json\/wp\/v2\/product_cat?post=9025"},{"taxonomy":"product_tag","embeddable":true,"href":"https:\/\/kwiaciarniaklara.pl\/index.php\/wp-json\/wp\/v2\/product_tag?post=9025"}],"curies":[{"name":"wp","href":"https:\/\/api.w.org\/{rel}","templated":true}]}}