{"id":9009,"date":"2025-04-22T18:51:43","date_gmt":"2025-04-22T18:51:43","guid":{"rendered":"https:\/\/kwiaciarniaklara.pl\/?post_type=product&#038;p=9009"},"modified":"2025-04-22T19:05:20","modified_gmt":"2025-04-22T19:05:20","slug":"bukiet-kondolencyjny-gozdzik","status":"publish","type":"product","link":"https:\/\/kwiaciarniaklara.pl\/index.php\/produkt\/bukiet-kondolencyjny-gozdzik\/","title":{"rendered":"Bukiet kondolencyjny go\u017adzik"},"content":{"rendered":"\n<section class=\"wp-block-group jcws-product-desc-section has-global-padding is-layout-constrained wp-block-group-is-layout-constrained\">\n<div class=\"wp-block-group jcws-product-desc-section-inner has-global-padding is-layout-constrained wp-container-core-group-is-layout-481dc8fc wp-block-group-is-layout-constrained\" style=\"margin-top:0;margin-bottom:0;padding-top:0;padding-right:0;padding-bottom:0;padding-left:0\">\n<div class=\"wp-block-columns is-layout-flex wp-container-core-columns-is-layout-2000334d wp-block-columns-is-layout-flex\" style=\"padding-top:0;padding-right:0;padding-bottom:0;padding-left:0\">\n<div class=\"wp-block-column is-layout-flow wp-block-column-is-layout-flow\" style=\"flex-basis:15%\"><\/div>\n\n\n\n<div class=\"wp-block-column is-layout-flow wp-block-column-is-layout-flow\" style=\"flex-basis:70%\">\n<h1 class=\"wp-block-heading has-text-align-center\" style=\"margin-top:0;margin-right:0;margin-left:0\">Bukiet kondolencyjny go\u017adzik<\/h1>\n\n\n\n<p style=\"margin-top:0;margin-right:0;margin-bottom:0;margin-left:0\">Sto\u017ckowa wi\u0105zanka z\u0142o\u017cona z du\u017cych, bia\u0142ych go\u017adzik\u00f3w, u\u0142o\u017conych w przestrzenn\u0105, eleganck\u0105 form\u0119. Kompozycj\u0119 uzupe\u0142niaj\u0105 bia\u0142e wst\u0105\u017cki i subtelne ga\u0142\u0105zki ruskusu, kt\u00f3re dodaj\u0105 lekko\u015bci i delikatnego kontrastu. Ca\u0142o\u015b\u0107 otulona zosta\u0142a czarn\u0105 bibu\u0142\u0105, przewi\u0105zan\u0105 na dole dekoracyjn\u0105, czarn\u0105 kokard\u0105.<\/p>\n<\/div>\n\n\n\n<div class=\"wp-block-column is-layout-flow wp-block-column-is-layout-flow\" style=\"flex-basis:15%\"><\/div>\n<\/div>\n<\/div>\n<\/section>\n","protected":false},"excerpt":{"rendered":"<p>Elegancka, sto\u017ckowa wi\u0105zanka z bia\u0142ych go\u017adzik\u00f3w, uzupe\u0142niona ruskusem i wst\u0105\u017ckami, oprawiona w czarn\u0105 bibu\u0142\u0119 z kokard\u0105.<\/p>\n","protected":false},"featured_media":9017,"template":"","meta":{"_kad_blocks_custom_css":"","_kad_blocks_head_custom_js":"","_kad_blocks_body_custom_js":"","_kad_blocks_footer_custom_js":""},"product_brand":[],"product_cat":[45],"product_tag":[85],"class_list":{"0":"post-9009","1":"product","2":"type-product","3":"status-publish","4":"has-post-thumbnail","6":"product_cat-mono-kwiatowe","7":"product_tag-pogrzeb","9":"first","10":"instock","11":"shipping-taxable","12":"purchasable","13":"product-type-simple"},"taxonomy_info":{"product_cat":[{"value":45,"label":"Mono bukiety"}],"product_tag":[{"value":85,"label":"Pogrzeb"}]},"featured_image_src_large":["https:\/\/kwiaciarniaklara.pl\/wp-content\/uploads\/2025\/04\/mono-bukiet-gozdziki-wiosna_photo002-1024x1024.webp",1024,1024,true],"author_info":[],"comment_info":"","_links":{"self":[{"href":"https:\/\/kwiaciarniaklara.pl\/index.php\/wp-json\/wp\/v2\/product\/9009","targetHints":{"allow":["GET"]}}],"collection":[{"href":"https:\/\/kwiaciarniaklara.pl\/index.php\/wp-json\/wp\/v2\/product"}],"about":[{"href":"https:\/\/kwiaciarniaklara.pl\/index.php\/wp-json\/wp\/v2\/types\/product"}],"wp:featuredmedia":[{"embeddable":true,"href":"https:\/\/kwiaciarniaklara.pl\/index.php\/wp-json\/wp\/v2\/media\/9017"}],"wp:attachment":[{"href":"https:\/\/kwiaciarniaklara.pl\/index.php\/wp-json\/wp\/v2\/media?parent=9009"}],"wp:term":[{"taxonomy":"product_brand","embeddable":true,"href":"https:\/\/kwiaciarniaklara.pl\/index.php\/wp-json\/wp\/v2\/product_brand?post=9009"},{"taxonomy":"product_cat","embeddable":true,"href":"https:\/\/kwiaciarniaklara.pl\/index.php\/wp-json\/wp\/v2\/product_cat?post=9009"},{"taxonomy":"product_tag","embeddable":true,"href":"https:\/\/kwiaciarniaklara.pl\/index.php\/wp-json\/wp\/v2\/product_tag?post=9009"}],"curies":[{"name":"wp","href":"https:\/\/api.w.org\/{rel}","templated":true}]}}