{"id":8912,"date":"2025-03-26T23:59:20","date_gmt":"2025-03-26T23:59:20","guid":{"rendered":"https:\/\/kwiaciarniaklara.pl\/?post_type=product&#038;p=8912"},"modified":"2025-03-27T00:09:17","modified_gmt":"2025-03-27T00:09:17","slug":"bukiet-dawnych-wspomnien-czar","status":"publish","type":"product","link":"https:\/\/kwiaciarniaklara.pl\/index.php\/produkt\/bukiet-dawnych-wspomnien-czar\/","title":{"rendered":"Bukiet &#8222;Dawnych wspomnie\u0144 czar&#8221;"},"content":{"rendered":"\n<section class=\"wp-block-group jcws-product-desc-section has-global-padding is-layout-constrained wp-block-group-is-layout-constrained\">\n<div class=\"wp-block-group jcws-product-desc-section-inner has-global-padding is-layout-constrained wp-container-core-group-is-layout-481dc8fc wp-block-group-is-layout-constrained\" style=\"margin-top:0;margin-bottom:0;padding-top:0;padding-right:0;padding-bottom:0;padding-left:0\">\n<div class=\"wp-block-columns is-layout-flex wp-container-core-columns-is-layout-2000334d wp-block-columns-is-layout-flex\" style=\"padding-top:0;padding-right:0;padding-bottom:0;padding-left:0\">\n<div class=\"wp-block-column is-layout-flow wp-block-column-is-layout-flow\" style=\"flex-basis:15%\"><\/div>\n\n\n\n<div class=\"wp-block-column is-layout-flow wp-block-column-is-layout-flow\" style=\"flex-basis:70%\">\n<h1 class=\"wp-block-heading has-text-align-center\" style=\"margin-top:0;margin-right:0;margin-left:0\">Bukiet &#8222;Dawnych wspomnie\u0144 czar&#8221;<\/h1>\n\n\n\n<p style=\"margin-top:0;margin-right:0;margin-bottom:0;margin-left:0\"><br>Oryginalna, przyci\u0105gaj\u0105ca uwag\u0119, ale spokojna w kolorze i tonacji wi\u0105zanka z fioletowej eustomy i niebieskiej gips\u00f3wki z dodatkiem d\u0142ugich ga\u0142\u0105zek eukaliptusa. Niepowtarzalno\u015bci nadaje temu bukietowi bibu\u0142a w stylu retro przypominaj\u0105ca strony starych gazet. Wysoko owijaj\u0105ca wi\u0105zank\u0119 \u201cgazeta\u201d przewi\u0105zana bogat\u0105 kokard\u0105 w kolorze fioletowymi stanowi o jej uroku.<br><\/p>\n<\/div>\n\n\n\n<div class=\"wp-block-column is-layout-flow wp-block-column-is-layout-flow\" style=\"flex-basis:15%\"><\/div>\n<\/div>\n<\/div>\n<\/section>\n","protected":false},"excerpt":{"rendered":"<p>Elegancka wi\u0105zanka z fioletowej eustomy i niebieskiej gips\u00f3wki, uzupe\u0142niona ga\u0142\u0105zkami eukaliptusa, w stylu retro. Otoczona bibu\u0142\u0105 przypominaj\u0105c\u0105 stare gazety i fioletow\u0105 kokard\u0105, nadaje unikalny charakter.<\/p>\n","protected":false},"featured_media":8913,"template":"","meta":{"_kad_blocks_custom_css":"","_kad_blocks_head_custom_js":"","_kad_blocks_body_custom_js":"","_kad_blocks_footer_custom_js":""},"product_brand":[],"product_cat":[45],"product_tag":[95,60,32],"class_list":{"0":"post-8912","1":"product","2":"type-product","3":"status-publish","4":"has-post-thumbnail","6":"product_cat-mono-kwiatowe","7":"product_tag-gratulacje","8":"product_tag-imieniny","9":"product_tag-urodziny","11":"first","12":"instock","13":"shipping-taxable","14":"purchasable","15":"product-type-simple"},"taxonomy_info":{"product_cat":[{"value":45,"label":"Mono bukiety"}],"product_tag":[{"value":95,"label":"Gratulacje"},{"value":60,"label":"Imieniny"},{"value":32,"label":"Urodziny"}]},"featured_image_src_large":["https:\/\/kwiaciarniaklara.pl\/wp-content\/uploads\/2025\/03\/bukiet-dwanych-wspomnien-czar-wiosna_photo003-1024x1024.webp",1024,1024,true],"author_info":[],"comment_info":"","_links":{"self":[{"href":"https:\/\/kwiaciarniaklara.pl\/index.php\/wp-json\/wp\/v2\/product\/8912","targetHints":{"allow":["GET"]}}],"collection":[{"href":"https:\/\/kwiaciarniaklara.pl\/index.php\/wp-json\/wp\/v2\/product"}],"about":[{"href":"https:\/\/kwiaciarniaklara.pl\/index.php\/wp-json\/wp\/v2\/types\/product"}],"wp:featuredmedia":[{"embeddable":true,"href":"https:\/\/kwiaciarniaklara.pl\/index.php\/wp-json\/wp\/v2\/media\/8913"}],"wp:attachment":[{"href":"https:\/\/kwiaciarniaklara.pl\/index.php\/wp-json\/wp\/v2\/media?parent=8912"}],"wp:term":[{"taxonomy":"product_brand","embeddable":true,"href":"https:\/\/kwiaciarniaklara.pl\/index.php\/wp-json\/wp\/v2\/product_brand?post=8912"},{"taxonomy":"product_cat","embeddable":true,"href":"https:\/\/kwiaciarniaklara.pl\/index.php\/wp-json\/wp\/v2\/product_cat?post=8912"},{"taxonomy":"product_tag","embeddable":true,"href":"https:\/\/kwiaciarniaklara.pl\/index.php\/wp-json\/wp\/v2\/product_tag?post=8912"}],"curies":[{"name":"wp","href":"https:\/\/api.w.org\/{rel}","templated":true}]}}