{"id":8643,"date":"2025-03-12T23:03:17","date_gmt":"2025-03-12T23:03:17","guid":{"rendered":"https:\/\/kwiaciarniaklara.pl\/?post_type=product&#038;p=8643"},"modified":"2025-03-27T00:50:58","modified_gmt":"2025-03-27T00:50:58","slug":"bukiet-gipsowka","status":"publish","type":"product","link":"https:\/\/kwiaciarniaklara.pl\/index.php\/produkt\/bukiet-gipsowka\/","title":{"rendered":"Bukiet &#8222;Gips\u00f3wka&#8221;"},"content":{"rendered":"\n<section class=\"wp-block-group jcws-product-desc-section has-global-padding is-layout-constrained wp-block-group-is-layout-constrained\">\n<div class=\"wp-block-group jcws-product-desc-section-inner has-global-padding is-layout-constrained wp-container-core-group-is-layout-481dc8fc wp-block-group-is-layout-constrained\" style=\"margin-top:0;margin-bottom:0;padding-top:0;padding-right:0;padding-bottom:0;padding-left:0\">\n<div class=\"wp-block-columns is-layout-flex wp-container-core-columns-is-layout-2000334d wp-block-columns-is-layout-flex\" style=\"padding-top:0;padding-right:0;padding-bottom:0;padding-left:0\">\n<div class=\"wp-block-column is-layout-flow wp-block-column-is-layout-flow\" style=\"flex-basis:15%\"><\/div>\n\n\n\n<div class=\"wp-block-column is-layout-flow wp-block-column-is-layout-flow\" style=\"flex-basis:70%\">\n<h1 class=\"wp-block-heading has-text-align-center\" style=\"margin-top:0;margin-right:0;margin-left:0\">Bukiet &#8222;Gips\u00f3wka&#8221;<\/h1>\n\n\n\n<p style=\"margin-top:0;margin-right:0;margin-bottom:0;margin-left:0\">Okr\u0105g\u0142a, bogata wi\u0105zanka u\u0142o\u017cona z gips\u00f3wki o delikatnych, drobnych kwiatach zabarwionych na kolor ciemnego r\u00f3\u017cu i czerwieni. Ca\u0142o\u015b\u0107 owini\u0119ta czerwon\u0105 bibu\u0142y i przewi\u0105zana kokard\u0105 z wst\u0105\u017cki r\u00f3wnie\u017c w kolorze czerwonym.<\/p>\n<\/div>\n\n\n\n<div class=\"wp-block-column is-layout-flow wp-block-column-is-layout-flow\" style=\"flex-basis:15%\"><\/div>\n<\/div>\n<\/div>\n<\/section>\n","protected":false},"excerpt":{"rendered":"<p>Bogata wi\u0105zanka z gips\u00f3wki w odcieniach czerwieni, starannie u\u0142o\u017cona, owini\u0119ta bibu\u0142\u0105 i przewi\u0105zana kokard\u0105. Elegancja i subtelno\u015b\u0107 w jednym bukiecie!<\/p>\n","protected":false},"featured_media":8777,"template":"","meta":{"_kad_blocks_custom_css":"","_kad_blocks_head_custom_js":"","_kad_blocks_body_custom_js":"","_kad_blocks_footer_custom_js":""},"product_brand":[],"product_cat":[45],"product_tag":[94,95,96,62],"class_list":{"0":"post-8643","1":"product","2":"type-product","3":"status-publish","4":"has-post-thumbnail","6":"product_cat-mono-kwiatowe","7":"product_tag-dzien-kobiet","8":"product_tag-gratulacje","9":"product_tag-podziekowanie","10":"product_tag-walentynki","12":"first","13":"instock","14":"shipping-taxable","15":"purchasable","16":"product-type-simple"},"taxonomy_info":{"product_cat":[{"value":45,"label":"Mono bukiety"}],"product_tag":[{"value":94,"label":"Dzie\u0144 kobiet"},{"value":95,"label":"Gratulacje"},{"value":96,"label":"Podzi\u0119kowanie"},{"value":62,"label":"Walentynki"}]},"featured_image_src_large":["https:\/\/kwiaciarniaklara.pl\/wp-content\/uploads\/2025\/03\/mono-bukiet-gipsowka-foto01-1024x1024.webp",1024,1024,true],"author_info":[],"comment_info":"","_links":{"self":[{"href":"https:\/\/kwiaciarniaklara.pl\/index.php\/wp-json\/wp\/v2\/product\/8643","targetHints":{"allow":["GET"]}}],"collection":[{"href":"https:\/\/kwiaciarniaklara.pl\/index.php\/wp-json\/wp\/v2\/product"}],"about":[{"href":"https:\/\/kwiaciarniaklara.pl\/index.php\/wp-json\/wp\/v2\/types\/product"}],"wp:featuredmedia":[{"embeddable":true,"href":"https:\/\/kwiaciarniaklara.pl\/index.php\/wp-json\/wp\/v2\/media\/8777"}],"wp:attachment":[{"href":"https:\/\/kwiaciarniaklara.pl\/index.php\/wp-json\/wp\/v2\/media?parent=8643"}],"wp:term":[{"taxonomy":"product_brand","embeddable":true,"href":"https:\/\/kwiaciarniaklara.pl\/index.php\/wp-json\/wp\/v2\/product_brand?post=8643"},{"taxonomy":"product_cat","embeddable":true,"href":"https:\/\/kwiaciarniaklara.pl\/index.php\/wp-json\/wp\/v2\/product_cat?post=8643"},{"taxonomy":"product_tag","embeddable":true,"href":"https:\/\/kwiaciarniaklara.pl\/index.php\/wp-json\/wp\/v2\/product_tag?post=8643"}],"curies":[{"name":"wp","href":"https:\/\/api.w.org\/{rel}","templated":true}]}}