{"id":7168,"date":"2024-12-09T15:29:16","date_gmt":"2024-12-09T15:29:16","guid":{"rendered":"https:\/\/kwiaciarniaklara.pl\/index.php\/produkt\/hat\/"},"modified":"2025-04-28T18:44:51","modified_gmt":"2025-04-28T18:44:51","slug":"wieniec-stojacy-serce","status":"publish","type":"product","link":"https:\/\/kwiaciarniaklara.pl\/index.php\/produkt\/wieniec-stojacy-serce\/","title":{"rendered":"Wieniec stoj\u0105cy &#8222;Serce&#8221;"},"content":{"rendered":"\n<section class=\"wp-block-group jcws-product-desc-section has-global-padding is-layout-constrained wp-block-group-is-layout-constrained\">\n<div class=\"wp-block-group jcws-product-desc-section-inner has-global-padding is-layout-constrained wp-container-core-group-is-layout-481dc8fc wp-block-group-is-layout-constrained\" style=\"margin-top:0;margin-bottom:0;padding-top:0;padding-right:0;padding-bottom:0;padding-left:0\">\n<div class=\"wp-block-columns is-layout-flex wp-container-core-columns-is-layout-2000334d wp-block-columns-is-layout-flex\" style=\"padding-top:0;padding-right:0;padding-bottom:0;padding-left:0\">\n<div class=\"wp-block-column is-layout-flow wp-block-column-is-layout-flow\" style=\"flex-basis:15%\"><\/div>\n\n\n\n<div class=\"wp-block-column is-layout-flow wp-block-column-is-layout-flow\" style=\"flex-basis:70%\">\n<h1 class=\"wp-block-heading has-text-align-center\" style=\"margin-top:0;margin-right:0;margin-left:0\">Wieniec stoj\u0105cy &#8222;Serce&#8221;<\/h1>\n\n\n\n<p style=\"margin-top:0;margin-right:0;margin-bottom:0;margin-left:0\">Pi\u0119kny, wzruszaj\u0105cy wieniec z u\u0142o\u017conych w kszta\u0142t serca ciemnoczerwonych r\u00f3\u017c z dodatkiem p\u0105k\u00f3w bia\u0142ych r\u00f3\u017c otaczaj\u0105cych du\u017ce kwiaty bia\u0142ych lilii. Ca\u0142o\u015b\u0107 umieszczona na tle zielonych li\u015bci tuji. Mo\u017cemy zmieni\u0107 tonacj\u0119 kompozycji.<\/p>\n<\/div>\n\n\n\n<div class=\"wp-block-column is-layout-flow wp-block-column-is-layout-flow\" style=\"flex-basis:15%\"><\/div>\n<\/div>\n<\/div>\n<\/section>\n","protected":false},"excerpt":{"rendered":"<p>Wieniec ze stylizowanym sercem z ciemnoczerwonych r\u00f3\u017c, bia\u0142ych p\u0105k\u00f3w i lilii, otoczony zielonymi li\u015b\u0107mi tuji.<br \/>\nInformacja: Mo\u017cemy zmieni\u0107 tonacj\u0119 kompozycji.<\/p>\n","protected":false},"featured_media":8595,"template":"","meta":{"_kad_blocks_custom_css":"","_kad_blocks_head_custom_js":"","_kad_blocks_body_custom_js":"","_kad_blocks_footer_custom_js":""},"product_brand":[],"product_cat":[54],"product_tag":[85,38],"class_list":{"0":"post-7168","1":"product","2":"type-product","3":"status-publish","4":"has-post-thumbnail","6":"product_cat-wience-pogrzebowe","7":"product_tag-pogrzeb","8":"product_tag-premium","10":"first","11":"instock","12":"shipping-taxable","13":"purchasable","14":"product-type-simple"},"taxonomy_info":{"product_cat":[{"value":54,"label":"Wie\u0144ce pogrzebowe"}],"product_tag":[{"value":85,"label":"Pogrzeb"},{"value":38,"label":"Premium"}]},"featured_image_src_large":["https:\/\/kwiaciarniaklara.pl\/wp-content\/uploads\/2024\/12\/wieniec-serce-1024x1024.webp",1024,1024,true],"author_info":[],"comment_info":"","_links":{"self":[{"href":"https:\/\/kwiaciarniaklara.pl\/index.php\/wp-json\/wp\/v2\/product\/7168","targetHints":{"allow":["GET"]}}],"collection":[{"href":"https:\/\/kwiaciarniaklara.pl\/index.php\/wp-json\/wp\/v2\/product"}],"about":[{"href":"https:\/\/kwiaciarniaklara.pl\/index.php\/wp-json\/wp\/v2\/types\/product"}],"wp:featuredmedia":[{"embeddable":true,"href":"https:\/\/kwiaciarniaklara.pl\/index.php\/wp-json\/wp\/v2\/media\/8595"}],"wp:attachment":[{"href":"https:\/\/kwiaciarniaklara.pl\/index.php\/wp-json\/wp\/v2\/media?parent=7168"}],"wp:term":[{"taxonomy":"product_brand","embeddable":true,"href":"https:\/\/kwiaciarniaklara.pl\/index.php\/wp-json\/wp\/v2\/product_brand?post=7168"},{"taxonomy":"product_cat","embeddable":true,"href":"https:\/\/kwiaciarniaklara.pl\/index.php\/wp-json\/wp\/v2\/product_cat?post=7168"},{"taxonomy":"product_tag","embeddable":true,"href":"https:\/\/kwiaciarniaklara.pl\/index.php\/wp-json\/wp\/v2\/product_tag?post=7168"}],"curies":[{"name":"wp","href":"https:\/\/api.w.org\/{rel}","templated":true}]}}