{"id":7156,"date":"2024-12-09T15:29:14","date_gmt":"2024-12-09T15:29:14","guid":{"rendered":"https:\/\/kwiaciarniaklara.pl\/index.php\/produkt\/shirt\/"},"modified":"2025-03-19T18:51:06","modified_gmt":"2025-03-19T18:51:06","slug":"bukiet-jestes-moja-miloscia","status":"publish","type":"product","link":"https:\/\/kwiaciarniaklara.pl\/index.php\/produkt\/bukiet-jestes-moja-miloscia\/","title":{"rendered":"Bukiet &#8222;Jeste\u015b moj\u0105 mi\u0142o\u015bci\u0105&#8221;"},"content":{"rendered":"\n<section class=\"wp-block-group jcws-product-desc-section has-global-padding is-layout-constrained wp-block-group-is-layout-constrained\">\n<div class=\"wp-block-group jcws-product-desc-section-inner has-global-padding is-layout-constrained wp-container-core-group-is-layout-481dc8fc wp-block-group-is-layout-constrained\" style=\"margin-top:0;margin-bottom:0;padding-top:0;padding-right:0;padding-bottom:0;padding-left:0\">\n<div class=\"wp-block-columns is-layout-flex wp-container-core-columns-is-layout-2000334d wp-block-columns-is-layout-flex\" style=\"padding-top:0;padding-right:0;padding-bottom:0;padding-left:0\">\n<div class=\"wp-block-column is-layout-flow wp-block-column-is-layout-flow\" style=\"flex-basis:15%\"><\/div>\n\n\n\n<div class=\"wp-block-column is-layout-flow wp-block-column-is-layout-flow\" style=\"flex-basis:70%\">\n<h1 class=\"wp-block-heading has-text-align-center\" style=\"margin-top:0;margin-right:0;margin-left:0\">Bukiet &#8222;Jeste\u015b moj\u0105 mi\u0142o\u015bci\u0105&#8221;<\/h1>\n\n\n\n<p style=\"margin-top:0;margin-right:0;margin-bottom:0;margin-left:0\">Wspania\u0142y, okr\u0105g\u0142y bukiet ze <strong>100<\/strong> czerwonych r\u00f3\u017c oryginalnie przeplecionych czerwon\u0105 bibu\u0142\u0105. <br>Bukiet otula delikatna jak\u00a0paj\u0119czyna czerwona siatka przewi\u0105zana u do\u0142u bukietu wspania\u0142\u0105, szerok\u0105 kokard\u0105 W\u015br\u00f3d r\u00f3\u017c umieszczono czerwone\u00a0serduszko z napisem &#8222;Love&#8221;.<br>Bukiet mo\u017cemy zrealizowa\u0107 w innej tonacji. <\/p>\n<\/div>\n\n\n\n<div class=\"wp-block-column is-layout-flow wp-block-column-is-layout-flow\" style=\"flex-basis:15%\"><\/div>\n<\/div>\n<\/div>\n<\/section>\n","protected":false},"excerpt":{"rendered":"<p>Wspania\u0142y, okr\u0105g\u0142y bukiet ze 100 czerwonych r\u00f3\u017c oryginalnie przeplecionych czerwon\u0105 bibu\u0142\u0105.<\/p>\n","protected":false},"featured_media":8420,"template":"","meta":{"_kad_blocks_custom_css":"","_kad_blocks_head_custom_js":"","_kad_blocks_body_custom_js":"","_kad_blocks_footer_custom_js":""},"product_brand":[],"product_cat":[45],"product_tag":[38,99,32,62],"class_list":{"0":"post-7156","1":"product","2":"type-product","3":"status-publish","4":"has-post-thumbnail","6":"product_cat-mono-kwiatowe","7":"product_tag-premium","8":"product_tag-rocznica-slubu","9":"product_tag-urodziny","10":"product_tag-walentynki","12":"first","13":"instock","14":"shipping-taxable","15":"purchasable","16":"product-type-simple"},"taxonomy_info":{"product_cat":[{"value":45,"label":"Mono bukiety"}],"product_tag":[{"value":38,"label":"Premium"},{"value":99,"label":"Rocznica \u015alubu"},{"value":32,"label":"Urodziny"},{"value":62,"label":"Walentynki"}]},"featured_image_src_large":["https:\/\/kwiaciarniaklara.pl\/wp-content\/uploads\/2024\/12\/monobukiet-jestes-moja-miloscia-foto01-1024x1024.webp",1024,1024,true],"author_info":[],"comment_info":"","_links":{"self":[{"href":"https:\/\/kwiaciarniaklara.pl\/index.php\/wp-json\/wp\/v2\/product\/7156","targetHints":{"allow":["GET"]}}],"collection":[{"href":"https:\/\/kwiaciarniaklara.pl\/index.php\/wp-json\/wp\/v2\/product"}],"about":[{"href":"https:\/\/kwiaciarniaklara.pl\/index.php\/wp-json\/wp\/v2\/types\/product"}],"wp:featuredmedia":[{"embeddable":true,"href":"https:\/\/kwiaciarniaklara.pl\/index.php\/wp-json\/wp\/v2\/media\/8420"}],"wp:attachment":[{"href":"https:\/\/kwiaciarniaklara.pl\/index.php\/wp-json\/wp\/v2\/media?parent=7156"}],"wp:term":[{"taxonomy":"product_brand","embeddable":true,"href":"https:\/\/kwiaciarniaklara.pl\/index.php\/wp-json\/wp\/v2\/product_brand?post=7156"},{"taxonomy":"product_cat","embeddable":true,"href":"https:\/\/kwiaciarniaklara.pl\/index.php\/wp-json\/wp\/v2\/product_cat?post=7156"},{"taxonomy":"product_tag","embeddable":true,"href":"https:\/\/kwiaciarniaklara.pl\/index.php\/wp-json\/wp\/v2\/product_tag?post=7156"}],"curies":[{"name":"wp","href":"https:\/\/api.w.org\/{rel}","templated":true}]}}